{"id":266,"date":"2022-04-06T17:12:47","date_gmt":"2022-04-06T15:12:47","guid":{"rendered":"http:\/\/samskara-art.com\/?page_id=266"},"modified":"2023-03-07T13:21:37","modified_gmt":"2023-03-07T12:21:37","slug":"elementor-266","status":"publish","type":"page","link":"https:\/\/samskara-art.com\/index.php\/elementor-266\/","title":{"rendered":"\u00c0 Propos"},"content":{"rendered":"\t\t<div data-elementor-type=\"wp-page\" data-elementor-id=\"266\" class=\"elementor elementor-266\">\n\t\t\t\t\t\t\t\t\t<section class=\"elementor-section elementor-top-section elementor-element elementor-element-bf2af2e elementor-section-boxed elementor-section-height-default elementor-section-height-default\" data-id=\"bf2af2e\" data-element_type=\"section\">\n\t\t\t\t\t\t<div class=\"elementor-container elementor-column-gap-default\">\n\t\t\t\t\t<div class=\"elementor-column elementor-col-100 elementor-top-column elementor-element elementor-element-70586eb\" data-id=\"70586eb\" data-element_type=\"column\">\n\t\t\t<div class=\"elementor-widget-wrap elementor-element-populated\">\n\t\t\t\t\t\t\t\t<div class=\"elementor-element elementor-element-1a91449 elementor-widget elementor-widget-text-editor\" data-id=\"1a91449\" data-element_type=\"widget\" data-widget_type=\"text-editor.default\">\n\t\t\t\t<div class=\"elementor-widget-container\">\n\t\t\t<style>\/*! elementor - v3.6.2 - 04-04-2022 *\/\n.elementor-widget-text-editor.elementor-drop-cap-view-stacked .elementor-drop-cap{background-color:#818a91;color:#fff}.elementor-widget-text-editor.elementor-drop-cap-view-framed .elementor-drop-cap{color:#818a91;border:3px solid;background-color:transparent}.elementor-widget-text-editor:not(.elementor-drop-cap-view-default) .elementor-drop-cap{margin-top:8px}.elementor-widget-text-editor:not(.elementor-drop-cap-view-default) .elementor-drop-cap-letter{width:1em;height:1em}.elementor-widget-text-editor .elementor-drop-cap{float:left;text-align:center;line-height:1;font-size:50px}.elementor-widget-text-editor .elementor-drop-cap-letter{display:inline-block}<\/style>\t\t\t\t<em><strong>Un voyage artistique et teint\u00e9 d\u2019Histoire<\/strong><\/em>\n\n\t\t\t\t\t\t<\/div>\n\t\t\t\t<\/div>\n\t\t\t\t\t<\/div>\n\t\t<\/div>\n\t\t\t\t\t\t\t<\/div>\n\t\t<\/section>\n\t\t\t\t<section class=\"elementor-section elementor-top-section elementor-element elementor-element-b827967 elementor-section-boxed elementor-section-height-default elementor-section-height-default\" data-id=\"b827967\" data-element_type=\"section\">\n\t\t\t\t\t\t<div class=\"elementor-container elementor-column-gap-default\">\n\t\t\t\t\t<div class=\"elementor-column elementor-col-100 elementor-top-column elementor-element elementor-element-2f1aa2b\" data-id=\"2f1aa2b\" data-element_type=\"column\">\n\t\t\t<div class=\"elementor-widget-wrap elementor-element-populated\">\n\t\t\t\t\t\t\t\t<div class=\"elementor-element elementor-element-a296e9d elementor-invisible elementor-widget elementor-widget-image\" data-id=\"a296e9d\" data-element_type=\"widget\" data-settings=\"{&quot;_animation&quot;:&quot;slideInDown&quot;}\" data-widget_type=\"image.default\">\n\t\t\t\t<div class=\"elementor-widget-container\">\n\t\t\t<style>\/*! elementor - v3.6.2 - 04-04-2022 *\/\n.elementor-widget-image{text-align:center}.elementor-widget-image a{display:inline-block}.elementor-widget-image a img[src$=\".svg\"]{width:48px}.elementor-widget-image img{vertical-align:middle;display:inline-block}<\/style>\t\t\t\t\t\t\t\t\t\t\t\t<img width=\"1536\" height=\"847\" src=\"https:\/\/samskara-art.com\/wp-content\/uploads\/2022\/03\/exposition-matisse-maurice-baudelaire-samskara.jpg\" class=\"attachment-1536x1536 size-1536x1536\" alt=\"\" loading=\"lazy\" srcset=\"https:\/\/samskara-art.com\/wp-content\/uploads\/2022\/03\/exposition-matisse-maurice-baudelaire-samskara.jpg 5542w, https:\/\/samskara-art.com\/wp-content\/uploads\/2022\/03\/exposition-matisse-maurice-baudelaire-samskara-300x165.jpg 300w, https:\/\/samskara-art.com\/wp-content\/uploads\/2022\/03\/exposition-matisse-maurice-baudelaire-samskara-768x423.jpg 768w, https:\/\/samskara-art.com\/wp-content\/uploads\/2022\/03\/exposition-matisse-maurice-baudelaire-samskara-1024x565.jpg 1024w\" sizes=\"(max-width: 1536px) 100vw, 1536px\" \/>\t\t\t\t\t\t\t\t\t\t\t\t\t\t\t<\/div>\n\t\t\t\t<\/div>\n\t\t\t\t\t<\/div>\n\t\t<\/div>\n\t\t\t\t\t\t\t<\/div>\n\t\t<\/section>\n\t\t\t\t<section class=\"elementor-section elementor-top-section elementor-element elementor-element-362345a elementor-section-boxed elementor-section-height-default elementor-section-height-default\" data-id=\"362345a\" data-element_type=\"section\">\n\t\t\t\t\t\t<div class=\"elementor-container elementor-column-gap-default\">\n\t\t\t\t\t<div class=\"elementor-column elementor-col-33 elementor-top-column elementor-element elementor-element-5ab614b\" data-id=\"5ab614b\" data-element_type=\"column\">\n\t\t\t<div class=\"elementor-widget-wrap elementor-element-populated\">\n\t\t\t\t\t\t\t\t<div class=\"elementor-element elementor-element-b71de9b elementor-widget elementor-widget-text-editor\" data-id=\"b71de9b\" data-element_type=\"widget\" data-widget_type=\"text-editor.default\">\n\t\t\t\t<div class=\"elementor-widget-container\">\n\t\t\t\t\t\t\t<p><strong>Blue Penny Museum\u00a0<\/strong><\/p><p>Le Blue Penny Museum et Samskara Fine Art Ltd, ont le plaisir de pouvoir annoncer la tenue de l\u2019exposition<b> <\/b>Matisse \u00e0 Maurice dans le cadre du bicentenaire de la naissance de Charles Baudelaire.<\/p>\t\t\t\t\t\t<\/div>\n\t\t\t\t<\/div>\n\t\t\t\t\t<\/div>\n\t\t<\/div>\n\t\t\t\t<div class=\"elementor-column elementor-col-33 elementor-top-column elementor-element elementor-element-aa52ebb\" data-id=\"aa52ebb\" data-element_type=\"column\">\n\t\t\t<div class=\"elementor-widget-wrap elementor-element-populated\">\n\t\t\t\t\t\t\t\t<div class=\"elementor-element elementor-element-fecc32f elementor-widget elementor-widget-text-editor\" data-id=\"fecc32f\" data-element_type=\"widget\" data-widget_type=\"text-editor.default\">\n\t\t\t\t<div class=\"elementor-widget-container\">\n\t\t\t\t\t\t\t<p><strong>Henri Matisse&nbsp;<\/strong><\/p>\n<p>Lorsque Henri Matisse peint un bouquet, il ne le concevra pas comme d\u00e9bordant ou exub\u00e9rant de couleurs, tout comme l\u2019auteur des Fleurs du Mal, il le voudra modeste.<\/p>\t\t\t\t\t\t<\/div>\n\t\t\t\t<\/div>\n\t\t\t\t\t<\/div>\n\t\t<\/div>\n\t\t\t\t<div class=\"elementor-column elementor-col-33 elementor-top-column elementor-element elementor-element-dd9a353\" data-id=\"dd9a353\" data-element_type=\"column\">\n\t\t\t<div class=\"elementor-widget-wrap elementor-element-populated\">\n\t\t\t\t\t\t\t\t<div class=\"elementor-element elementor-element-d820f7e elementor-widget elementor-widget-text-editor\" data-id=\"d820f7e\" data-element_type=\"widget\" data-widget_type=\"text-editor.default\">\n\t\t\t\t<div class=\"elementor-widget-container\">\n\t\t\t\t\t\t\t<p><strong>Samskara Fine Art Ltd<\/strong><\/p><p>N\u00e9 \u00e0 Maurice, Steve Sowamy directeur de Samskara Fine Art a grandi en France et s\u2019est taill\u00e9 une solide r\u00e9putation \u00e0 Paris, ainsi que dans d\u2019autres capitales europ\u00e9ennes en tant que marchand d\u2019art.\u00a0<\/p>\t\t\t\t\t\t<\/div>\n\t\t\t\t<\/div>\n\t\t\t\t\t<\/div>\n\t\t<\/div>\n\t\t\t\t\t\t\t<\/div>\n\t\t<\/section>\n\t\t\t\t<section class=\"elementor-section elementor-top-section elementor-element elementor-element-62e3dba elementor-section-boxed elementor-section-height-default elementor-section-height-default\" data-id=\"62e3dba\" data-element_type=\"section\">\n\t\t\t\t\t\t<div class=\"elementor-container elementor-column-gap-default\">\n\t\t\t\t\t<div class=\"elementor-column elementor-col-100 elementor-top-column elementor-element elementor-element-35e2d67\" data-id=\"35e2d67\" data-element_type=\"column\">\n\t\t\t<div class=\"elementor-widget-wrap elementor-element-populated\">\n\t\t\t\t\t\t\t\t<div class=\"elementor-element elementor-element-3162ef6 elementor-arrows-position-inside elementor-pagination-position-outside elementor-widget elementor-widget-image-carousel\" data-id=\"3162ef6\" data-element_type=\"widget\" data-settings=\"{&quot;navigation&quot;:&quot;both&quot;,&quot;autoplay&quot;:&quot;yes&quot;,&quot;pause_on_hover&quot;:&quot;yes&quot;,&quot;pause_on_interaction&quot;:&quot;yes&quot;,&quot;autoplay_speed&quot;:5000,&quot;infinite&quot;:&quot;yes&quot;,&quot;speed&quot;:500}\" data-widget_type=\"image-carousel.default\">\n\t\t\t\t<div class=\"elementor-widget-container\">\n\t\t\t<style>\/*! elementor - v3.6.2 - 04-04-2022 *\/\n.elementor-widget-image-carousel .swiper-container{position:static}.elementor-widget-image-carousel .swiper-container .swiper-slide figure{line-height:inherit}.elementor-widget-image-carousel .swiper-slide{text-align:center}.elementor-image-carousel-wrapper:not(.swiper-container-initialized) .swiper-slide{max-width:calc(100% \/ var(--e-image-carousel-slides-to-show, 3))}<\/style>\t\t<div class=\"elementor-image-carousel-wrapper swiper-container\" dir=\"ltr\">\n\t\t\t<div class=\"elementor-image-carousel swiper-wrapper\">\n\t\t\t\t\t\t\t\t<div class=\"swiper-slide\"><figure class=\"swiper-slide-inner\"><img class=\"swiper-slide-image\" src=\"https:\/\/samskara-art.com\/wp-content\/uploads\/2022\/05\/samskarafineartltd-2000x1333px11.jpg\" alt=\"samskarafineartltd-2000x1333px11\" \/><\/figure><\/div><div class=\"swiper-slide\"><figure class=\"swiper-slide-inner\"><img class=\"swiper-slide-image\" src=\"https:\/\/samskara-art.com\/wp-content\/uploads\/2022\/04\/samskarafineartltd-matisse-a-maurice-768x512.jpg\" alt=\"samskarafineartltd-matisse-\u00e0-maurice\" \/><\/figure><\/div><div class=\"swiper-slide\"><figure class=\"swiper-slide-inner\"><img class=\"swiper-slide-image\" src=\"https:\/\/samskara-art.com\/wp-content\/uploads\/2022\/05\/samskarafineartltd-2000x1333px10.jpg\" alt=\"samskarafineartltd-2000x1333px10\" \/><\/figure><\/div><div class=\"swiper-slide\"><figure class=\"swiper-slide-inner\"><img class=\"swiper-slide-image\" src=\"https:\/\/samskara-art.com\/wp-content\/uploads\/2022\/05\/samskarafineartltd-2000x1333px6.jpg\" alt=\"samskarafineartltd-2000x1333px6\" \/><\/figure><\/div><div class=\"swiper-slide\"><figure class=\"swiper-slide-inner\"><img class=\"swiper-slide-image\" src=\"https:\/\/samskara-art.com\/wp-content\/uploads\/2022\/04\/samskarafineartltd-inauguration-matisse-a-maurice-768x512.jpg\" alt=\"samskarafineartltd-inauguration-matisse-\u00e0-maurice\" \/><\/figure><\/div><div class=\"swiper-slide\"><figure class=\"swiper-slide-inner\"><img class=\"swiper-slide-image\" src=\"https:\/\/samskara-art.com\/wp-content\/uploads\/2022\/05\/samskarafineartltd-2000x1333px9.jpg\" alt=\"samskarafineartltd-2000x1333px9\" \/><\/figure><\/div><div class=\"swiper-slide\"><figure class=\"swiper-slide-inner\"><img class=\"swiper-slide-image\" src=\"https:\/\/samskara-art.com\/wp-content\/uploads\/2022\/04\/samskarafineartltd-gallery2-768x512.jpg\" alt=\"samskarafineartltd-gallery2\" \/><\/figure><\/div><div class=\"swiper-slide\"><figure class=\"swiper-slide-inner\"><img class=\"swiper-slide-image\" src=\"https:\/\/samskara-art.com\/wp-content\/uploads\/2022\/04\/samskarafineartltd-exposition-matisse-a-maurice-inauguration-768x512.jpg\" alt=\"samskarafineartltd-exposition-matisse-\u00e0-maurice-inauguration\" \/><\/figure><\/div><div class=\"swiper-slide\"><figure class=\"swiper-slide-inner\"><img class=\"swiper-slide-image\" src=\"https:\/\/samskara-art.com\/wp-content\/uploads\/2022\/05\/samskarafineartltd-2000x1333px7.jpg\" alt=\"samskarafineartltd-2000x1333px7\" \/><\/figure><\/div><div class=\"swiper-slide\"><figure class=\"swiper-slide-inner\"><img class=\"swiper-slide-image\" src=\"https:\/\/samskara-art.com\/wp-content\/uploads\/2022\/04\/samskarafineartltd-bluepennymuseum-exposition2022-768x512.jpg\" alt=\"samskarafineartltd-bluepennymuseum-exposition2022\" \/><\/figure><\/div><div class=\"swiper-slide\"><figure class=\"swiper-slide-inner\"><img class=\"swiper-slide-image\" src=\"https:\/\/samskara-art.com\/wp-content\/uploads\/2022\/04\/samskarafineartltd-gallery-768x512.jpg\" alt=\"samskarafineartltd-gallery\" \/><\/figure><\/div><div class=\"swiper-slide\"><figure class=\"swiper-slide-inner\"><img class=\"swiper-slide-image\" src=\"https:\/\/samskara-art.com\/wp-content\/uploads\/2022\/05\/samskarafineartltd-2000x1333px8.jpg\" alt=\"samskarafineartltd-2000x1333px8\" \/><\/figure><\/div><div class=\"swiper-slide\"><figure class=\"swiper-slide-inner\"><img class=\"swiper-slide-image\" src=\"https:\/\/samskara-art.com\/wp-content\/uploads\/2022\/05\/samskarafineartltd-2000x1333px5.jpg\" alt=\"samskarafineartltd-2000x1333px5\" \/><\/figure><\/div><div class=\"swiper-slide\"><figure class=\"swiper-slide-inner\"><img class=\"swiper-slide-image\" src=\"https:\/\/samskara-art.com\/wp-content\/uploads\/2022\/05\/samskarafineartltd-2000x1333px4.jpg\" alt=\"samskarafineartltd-2000x1333px4\" \/><\/figure><\/div><div class=\"swiper-slide\"><figure class=\"swiper-slide-inner\"><img class=\"swiper-slide-image\" src=\"https:\/\/samskara-art.com\/wp-content\/uploads\/2022\/05\/samskarafineartltd-2000x1333px3.jpg\" alt=\"samskarafineartltd-2000x1333px3\" \/><\/figure><\/div><div class=\"swiper-slide\"><figure class=\"swiper-slide-inner\"><img class=\"swiper-slide-image\" src=\"https:\/\/samskara-art.com\/wp-content\/uploads\/2022\/05\/samskarafineartltd-2000x1333px2.jpg\" alt=\"samskarafineartltd-2000x1333px2\" \/><\/figure><\/div><div class=\"swiper-slide\"><figure class=\"swiper-slide-inner\"><img class=\"swiper-slide-image\" src=\"https:\/\/samskara-art.com\/wp-content\/uploads\/2022\/05\/samskarafineartltd-2000x1333px.jpg\" alt=\"samskarafineartltd-2000x1333px\" \/><\/figure><\/div>\t\t\t<\/div>\n\t\t\t\t\t\t\t\t\t\t\t\t<div class=\"swiper-pagination\"><\/div>\n\t\t\t\t\t\t\t\t\t\t\t\t\t<div class=\"elementor-swiper-button elementor-swiper-button-prev\">\n\t\t\t\t\t\t<i aria-hidden=\"true\" class=\"eicon-chevron-left\"><\/i>\t\t\t\t\t\t<span class=\"elementor-screen-only\">Pr\u00e9c\u00e9dent<\/span>\n\t\t\t\t\t<\/div>\n\t\t\t\t\t<div class=\"elementor-swiper-button elementor-swiper-button-next\">\n\t\t\t\t\t\t<i aria-hidden=\"true\" class=\"eicon-chevron-right\"><\/i>\t\t\t\t\t\t<span class=\"elementor-screen-only\">Suivant<\/span>\n\t\t\t\t\t<\/div>\n\t\t\t\t\t\t\t\t\t<\/div>\n\t\t\t\t<\/div>\n\t\t\t\t<\/div>\n\t\t\t\t\t<\/div>\n\t\t<\/div>\n\t\t\t\t\t\t\t<\/div>\n\t\t<\/section>\n\t\t\t\t\t\t\t<\/div>\n\t\t","protected":false},"excerpt":{"rendered":"<p>Un voyage artistique et teint\u00e9 d\u2019Histoire Blue Penny Museum\u00a0 Le Blue Penny Museum et Samskara Fine Art Ltd, ont le plaisir de pouvoir annoncer la tenue de l\u2019exposition Matisse \u00e0<\/p>\n<p class=\"more-link\"><a href=\"https:\/\/samskara-art.com\/index.php\/elementor-266\/\" class=\"readmore\">Read More<svg class=\"icon icon-angle-right\" aria-hidden=\"true\" role=\"img\"> <use href=\"#icon-angle-right\" xlink:href=\"#icon-angle-right\"><\/use> <\/svg><span class=\"screen-reader-text\">\u00c0 Propos<\/span><\/a><\/p>\n","protected":false},"author":1,"featured_media":1631,"parent":0,"menu_order":0,"comment_status":"closed","ping_status":"closed","template":"","meta":[],"_links":{"self":[{"href":"https:\/\/samskara-art.com\/index.php\/wp-json\/wp\/v2\/pages\/266"}],"collection":[{"href":"https:\/\/samskara-art.com\/index.php\/wp-json\/wp\/v2\/pages"}],"about":[{"href":"https:\/\/samskara-art.com\/index.php\/wp-json\/wp\/v2\/types\/page"}],"author":[{"embeddable":true,"href":"https:\/\/samskara-art.com\/index.php\/wp-json\/wp\/v2\/users\/1"}],"replies":[{"embeddable":true,"href":"https:\/\/samskara-art.com\/index.php\/wp-json\/wp\/v2\/comments?post=266"}],"version-history":[{"count":52,"href":"https:\/\/samskara-art.com\/index.php\/wp-json\/wp\/v2\/pages\/266\/revisions"}],"predecessor-version":[{"id":1768,"href":"https:\/\/samskara-art.com\/index.php\/wp-json\/wp\/v2\/pages\/266\/revisions\/1768"}],"wp:featuredmedia":[{"embeddable":true,"href":"https:\/\/samskara-art.com\/index.php\/wp-json\/wp\/v2\/media\/1631"}],"wp:attachment":[{"href":"https:\/\/samskara-art.com\/index.php\/wp-json\/wp\/v2\/media?parent=266"}],"curies":[{"name":"wp","href":"https:\/\/api.w.org\/{rel}","templated":true}]}}